{"id":1105,"date":"2022-07-13T10:34:21","date_gmt":"2022-07-13T10:34:21","guid":{"rendered":"https:\/\/motioncontrol.berlin\/blog\/"},"modified":"2022-07-13T12:29:32","modified_gmt":"2022-07-13T12:29:32","slug":"blog","status":"publish","type":"page","link":"https:\/\/motioncontrol.berlin\/de\/blog\/","title":{"rendered":"Blog"},"content":{"rendered":"\t\t<div data-elementor-type=\"wp-page\" data-elementor-id=\"1105\" class=\"elementor elementor-1105 elementor-1069\" data-elementor-post-type=\"page\">\n\t\t\t\t\t\t<section class=\"elementor-section elementor-top-section elementor-element elementor-element-886093e elementor-section-boxed elementor-section-height-default elementor-section-height-default\" data-id=\"886093e\" data-element_type=\"section\">\n\t\t\t\t\t\t<div class=\"elementor-container elementor-column-gap-default\">\n\t\t\t\t\t<div class=\"elementor-column elementor-col-100 elementor-top-column elementor-element elementor-element-aec09ef\" data-id=\"aec09ef\" data-element_type=\"column\">\n\t\t\t<div class=\"elementor-widget-wrap elementor-element-populated\">\n\t\t\t\t\t\t<div class=\"elementor-element elementor-element-8d4ae75 elementor-grid-3 elementor-grid-tablet-2 elementor-grid-mobile-1 elementor-posts--thumbnail-top elementor-card-shadow-yes elementor-posts__hover-gradient elementor-widget elementor-widget-posts\" data-id=\"8d4ae75\" data-element_type=\"widget\" data-settings=\"{&quot;pagination_type&quot;:&quot;numbers&quot;,&quot;cards_columns&quot;:&quot;3&quot;,&quot;cards_columns_tablet&quot;:&quot;2&quot;,&quot;cards_columns_mobile&quot;:&quot;1&quot;,&quot;cards_row_gap&quot;:{&quot;unit&quot;:&quot;px&quot;,&quot;size&quot;:35,&quot;sizes&quot;:[]},&quot;cards_row_gap_tablet&quot;:{&quot;unit&quot;:&quot;px&quot;,&quot;size&quot;:&quot;&quot;,&quot;sizes&quot;:[]},&quot;cards_row_gap_mobile&quot;:{&quot;unit&quot;:&quot;px&quot;,&quot;size&quot;:&quot;&quot;,&quot;sizes&quot;:[]}}\" data-widget_type=\"posts.cards\">\n\t\t\t\t<div class=\"elementor-widget-container\">\n\t\t\t\t\t\t\t<div class=\"elementor-posts-container elementor-posts elementor-posts--skin-cards elementor-grid\">\n\t\t\t\t<article class=\"elementor-post elementor-grid-item post-1274 post type-post status-publish format-standard has-post-thumbnail hentry category-blog-de\">\n\t\t\t<div class=\"elementor-post__card\">\n\t\t\t\t<a class=\"elementor-post__thumbnail__link\" href=\"https:\/\/motioncontrol.berlin\/de\/kamera-mieten\/\" tabindex=\"-1\" ><div class=\"elementor-post__thumbnail\"><img fetchpriority=\"high\" decoding=\"async\" width=\"300\" height=\"229\" src=\"https:\/\/motioncontrol.berlin\/wp-content\/uploads\/2022\/08\/V2512_left_side_Easy-Resize.com_-300x229.jpg\" class=\"attachment-medium size-medium wp-image-1275\" alt=\"Kamera mieten\" srcset=\"https:\/\/motioncontrol.berlin\/wp-content\/uploads\/2022\/08\/V2512_left_side_Easy-Resize.com_-300x229.jpg 300w, https:\/\/motioncontrol.berlin\/wp-content\/uploads\/2022\/08\/V2512_left_side_Easy-Resize.com_-1024x781.jpg 1024w, https:\/\/motioncontrol.berlin\/wp-content\/uploads\/2022\/08\/V2512_left_side_Easy-Resize.com_-768x586.jpg 768w, https:\/\/motioncontrol.berlin\/wp-content\/uploads\/2022\/08\/V2512_left_side_Easy-Resize.com_.jpg 1280w\" sizes=\"(max-width: 300px) 100vw, 300px\" \/><\/div><\/a>\n\t\t\t\t<div class=\"elementor-post__text\">\n\t\t\t\t<h3 class=\"elementor-post__title\">\n\t\t\t<a href=\"https:\/\/motioncontrol.berlin\/de\/kamera-mieten\/\" >\n\t\t\t\tKamera mieten\t\t\t<\/a>\n\t\t<\/h3>\n\t\t\t\t<div class=\"elementor-post__excerpt\">\n\t\t\t<p>Kameraverleih, oder wie liefert man die h\u00f6chste Qualit\u00e4t beim Filmen? Was sind die Aufgaben eines Kameramanns? Die wichtigste Aufgabe ist zweifelsohne die Aufnahme von Filmen.<\/p>\n\t\t<\/div>\n\t\t\n\t\t<a class=\"elementor-post__read-more\" href=\"https:\/\/motioncontrol.berlin\/de\/kamera-mieten\/\" aria-label=\"Read more about Kamera mieten\" tabindex=\"-1\" >\n\t\t\tWEITERLESEN \u00bb\t\t<\/a>\n\n\t\t\t\t<\/div>\n\t\t\t\t<div class=\"elementor-post__meta-data\">\n\t\t\t\t\t<span class=\"elementor-post-date\">\n\t\t\tAugust 3, 2022\t\t<\/span>\n\t\t\t\t<\/div>\n\t\t\t\t\t<\/div>\n\t\t<\/article>\n\t\t\t\t<article class=\"elementor-post elementor-grid-item post-1263 post type-post status-publish format-standard has-post-thumbnail hentry category-blog-de\">\n\t\t\t<div class=\"elementor-post__card\">\n\t\t\t\t<a class=\"elementor-post__thumbnail__link\" href=\"https:\/\/motioncontrol.berlin\/de\/mark-roberts-motion-control-berlin\/\" tabindex=\"-1\" ><div class=\"elementor-post__thumbnail\"><img decoding=\"async\" width=\"300\" height=\"169\" src=\"https:\/\/motioncontrol.berlin\/wp-content\/uploads\/2022\/08\/Milo-1991-300x169.jpg\" class=\"attachment-medium size-medium wp-image-1268\" alt=\"Marks Roberts\" srcset=\"https:\/\/motioncontrol.berlin\/wp-content\/uploads\/2022\/08\/Milo-1991-300x169.jpg 300w, https:\/\/motioncontrol.berlin\/wp-content\/uploads\/2022\/08\/Milo-1991-1024x576.jpg 1024w, https:\/\/motioncontrol.berlin\/wp-content\/uploads\/2022\/08\/Milo-1991-768x432.jpg 768w, https:\/\/motioncontrol.berlin\/wp-content\/uploads\/2022\/08\/Milo-1991.jpg 1280w\" sizes=\"(max-width: 300px) 100vw, 300px\" \/><\/div><\/a>\n\t\t\t\t<div class=\"elementor-post__text\">\n\t\t\t\t<h3 class=\"elementor-post__title\">\n\t\t\t<a href=\"https:\/\/motioncontrol.berlin\/de\/mark-roberts-motion-control-berlin\/\" >\n\t\t\t\tMark Roberts Motion Control Berlin\t\t\t<\/a>\n\t\t<\/h3>\n\t\t\t\t<div class=\"elementor-post__excerpt\">\n\t\t\t<p>Mark Roberts Motion Control &#8211; der Marktf\u00fchrer f\u00fcr Motion Control. Motion Control Berlin hat sich f\u00fcr die Ger\u00e4te der Marke Mark Roberts Motion Control entschieden,<\/p>\n\t\t<\/div>\n\t\t\n\t\t<a class=\"elementor-post__read-more\" href=\"https:\/\/motioncontrol.berlin\/de\/mark-roberts-motion-control-berlin\/\" aria-label=\"Read more about Mark Roberts Motion Control Berlin\" tabindex=\"-1\" >\n\t\t\tWEITERLESEN \u00bb\t\t<\/a>\n\n\t\t\t\t<\/div>\n\t\t\t\t<div class=\"elementor-post__meta-data\">\n\t\t\t\t\t<span class=\"elementor-post-date\">\n\t\t\tAugust 2, 2022\t\t<\/span>\n\t\t\t\t<\/div>\n\t\t\t\t\t<\/div>\n\t\t<\/article>\n\t\t\t\t<article class=\"elementor-post elementor-grid-item post-1248 post type-post status-publish format-standard has-post-thumbnail hentry category-blog-de\">\n\t\t\t<div class=\"elementor-post__card\">\n\t\t\t\t<a class=\"elementor-post__thumbnail__link\" href=\"https:\/\/motioncontrol.berlin\/de\/roboterarme-im-alltag\/\" tabindex=\"-1\" ><div class=\"elementor-post__thumbnail\"><img decoding=\"async\" width=\"300\" height=\"205\" src=\"https:\/\/motioncontrol.berlin\/wp-content\/uploads\/2022\/08\/Uarm_metal_wiki2-300x205.jpg\" class=\"attachment-medium size-medium wp-image-1255\" alt=\"RoboterArm metal\" srcset=\"https:\/\/motioncontrol.berlin\/wp-content\/uploads\/2022\/08\/Uarm_metal_wiki2-300x205.jpg 300w, https:\/\/motioncontrol.berlin\/wp-content\/uploads\/2022\/08\/Uarm_metal_wiki2-1024x700.jpg 1024w, https:\/\/motioncontrol.berlin\/wp-content\/uploads\/2022\/08\/Uarm_metal_wiki2-768x525.jpg 768w, https:\/\/motioncontrol.berlin\/wp-content\/uploads\/2022\/08\/Uarm_metal_wiki2-1536x1050.jpg 1536w, https:\/\/motioncontrol.berlin\/wp-content\/uploads\/2022\/08\/Uarm_metal_wiki2-2048x1400.jpg 2048w\" sizes=\"(max-width: 300px) 100vw, 300px\" \/><\/div><\/a>\n\t\t\t\t<div class=\"elementor-post__text\">\n\t\t\t\t<h3 class=\"elementor-post__title\">\n\t\t\t<a href=\"https:\/\/motioncontrol.berlin\/de\/roboterarme-im-alltag\/\" >\n\t\t\t\tRoboterarme im Alltag\t\t\t<\/a>\n\t\t<\/h3>\n\t\t\t\t<div class=\"elementor-post__excerpt\">\n\t\t\t<p>\u00a0\u00a0 Roboterarme im Alltag &#8211; eine Revolution, die schon seit vielen Jahren im Gange ist. In welche Richtung bewegt sie sich? Wenn Sie das Wort<\/p>\n\t\t<\/div>\n\t\t\n\t\t<a class=\"elementor-post__read-more\" href=\"https:\/\/motioncontrol.berlin\/de\/roboterarme-im-alltag\/\" aria-label=\"Read more about Roboterarme im Alltag\" tabindex=\"-1\" >\n\t\t\tWEITERLESEN \u00bb\t\t<\/a>\n\n\t\t\t\t<\/div>\n\t\t\t\t<div class=\"elementor-post__meta-data\">\n\t\t\t\t\t<span class=\"elementor-post-date\">\n\t\t\tAugust 2, 2022\t\t<\/span>\n\t\t\t\t<\/div>\n\t\t\t\t\t<\/div>\n\t\t<\/article>\n\t\t\t\t<article class=\"elementor-post elementor-grid-item post-1155 post type-post status-publish format-standard has-post-thumbnail hentry category-blog-de\">\n\t\t\t<div class=\"elementor-post__card\">\n\t\t\t\t<a class=\"elementor-post__thumbnail__link\" href=\"https:\/\/motioncontrol.berlin\/de\/phantom-flex-4k\/\" tabindex=\"-1\" ><div class=\"elementor-post__thumbnail\"><img loading=\"lazy\" decoding=\"async\" width=\"300\" height=\"211\" src=\"https:\/\/motioncontrol.berlin\/wp-content\/uploads\/2022\/07\/Phantom-Flex-4K-GS-300x211.jpg\" class=\"attachment-medium size-medium wp-image-1161\" alt=\"Phantom Flex 4K GS\" srcset=\"https:\/\/motioncontrol.berlin\/wp-content\/uploads\/2022\/07\/Phantom-Flex-4K-GS-300x211.jpg 300w, https:\/\/motioncontrol.berlin\/wp-content\/uploads\/2022\/07\/Phantom-Flex-4K-GS-1024x720.jpg 1024w, https:\/\/motioncontrol.berlin\/wp-content\/uploads\/2022\/07\/Phantom-Flex-4K-GS-768x540.jpg 768w, https:\/\/motioncontrol.berlin\/wp-content\/uploads\/2022\/07\/Phantom-Flex-4K-GS.jpg 1280w\" sizes=\"(max-width: 300px) 100vw, 300px\" \/><\/div><\/a>\n\t\t\t\t<div class=\"elementor-post__text\">\n\t\t\t\t<h3 class=\"elementor-post__title\">\n\t\t\t<a href=\"https:\/\/motioncontrol.berlin\/de\/phantom-flex-4k\/\" >\n\t\t\t\tPhantom Flex 4K GS\t\t\t<\/a>\n\t\t<\/h3>\n\t\t\t\t<div class=\"elementor-post__excerpt\">\n\t\t\t<p>Phantom Flex 4K &#8211; eine der beliebtesten Hochgeschwindigkeitskameras der Welt. Der menschliche K\u00f6rper hat seine Grenzen. Eine davon ist die Unf\u00e4higkeit, sehr schnelle Ver\u00e4nderungen zu<\/p>\n\t\t<\/div>\n\t\t\n\t\t<a class=\"elementor-post__read-more\" href=\"https:\/\/motioncontrol.berlin\/de\/phantom-flex-4k\/\" aria-label=\"Read more about Phantom Flex 4K GS\" tabindex=\"-1\" >\n\t\t\tWEITERLESEN \u00bb\t\t<\/a>\n\n\t\t\t\t<\/div>\n\t\t\t\t<div class=\"elementor-post__meta-data\">\n\t\t\t\t\t<span class=\"elementor-post-date\">\n\t\t\tJuli 13, 2022\t\t<\/span>\n\t\t\t\t<\/div>\n\t\t\t\t\t<\/div>\n\t\t<\/article>\n\t\t\t\t<\/div>\n\t\t\n\t\t\t\t\t\t<\/div>\n\t\t\t\t<\/div>\n\t\t\t\t\t<\/div>\n\t\t<\/div>\n\t\t\t\t\t<\/div>\n\t\t<\/section>\n\t\t\t\t<\/div>\n\t\t","protected":false},"excerpt":{"rendered":"","protected":false},"author":1,"featured_media":0,"parent":0,"menu_order":0,"comment_status":"closed","ping_status":"closed","template":"","meta":{"_acf_changed":false,"inline_featured_image":false,"footnotes":""},"class_list":["post-1105","page","type-page","status-publish","hentry"],"acf":[],"yoast_head":"<!-- This site is optimized with the Yoast SEO plugin v26.3 - https:\/\/yoast.com\/wordpress\/plugins\/seo\/ -->\n<title>Blog - Motioncontrol<\/title>\n<meta name=\"robots\" content=\"index, follow, max-snippet:-1, max-image-preview:large, max-video-preview:-1\" \/>\n<link rel=\"canonical\" href=\"https:\/\/motioncontrol.berlin\/de\/blog\/\" \/>\n<meta property=\"og:locale\" content=\"de_DE\" \/>\n<meta property=\"og:type\" content=\"article\" \/>\n<meta property=\"og:title\" content=\"Blog - Motioncontrol\" \/>\n<meta property=\"og:url\" content=\"https:\/\/motioncontrol.berlin\/de\/blog\/\" \/>\n<meta property=\"og:site_name\" content=\"Motioncontrol\" \/>\n<meta property=\"article:modified_time\" content=\"2022-07-13T12:29:32+00:00\" \/>\n<meta name=\"twitter:card\" content=\"summary_large_image\" \/>\n<meta name=\"twitter:label1\" content=\"Gesch\u00e4tzte Lesezeit\" \/>\n\t<meta name=\"twitter:data1\" content=\"1\u00a0Minute\" \/>\n<script type=\"application\/ld+json\" class=\"yoast-schema-graph\">{\"@context\":\"https:\/\/schema.org\",\"@graph\":[{\"@type\":\"WebPage\",\"@id\":\"https:\/\/motioncontrol.berlin\/de\/blog\/\",\"url\":\"https:\/\/motioncontrol.berlin\/de\/blog\/\",\"name\":\"Blog - Motioncontrol\",\"isPartOf\":{\"@id\":\"https:\/\/motioncontrol.berlin\/de\/#website\"},\"datePublished\":\"2022-07-13T10:34:21+00:00\",\"dateModified\":\"2022-07-13T12:29:32+00:00\",\"breadcrumb\":{\"@id\":\"https:\/\/motioncontrol.berlin\/de\/blog\/#breadcrumb\"},\"inLanguage\":\"de\",\"potentialAction\":[{\"@type\":\"ReadAction\",\"target\":[\"https:\/\/motioncontrol.berlin\/de\/blog\/\"]}]},{\"@type\":\"BreadcrumbList\",\"@id\":\"https:\/\/motioncontrol.berlin\/de\/blog\/#breadcrumb\",\"itemListElement\":[{\"@type\":\"ListItem\",\"position\":1,\"name\":\"Home\",\"item\":\"https:\/\/motioncontrol.berlin\/de\/\"},{\"@type\":\"ListItem\",\"position\":2,\"name\":\"Blog\"}]},{\"@type\":\"WebSite\",\"@id\":\"https:\/\/motioncontrol.berlin\/de\/#website\",\"url\":\"https:\/\/motioncontrol.berlin\/de\/\",\"name\":\"Motioncontrol\",\"description\":\"motioncontrol.berlin\",\"potentialAction\":[{\"@type\":\"SearchAction\",\"target\":{\"@type\":\"EntryPoint\",\"urlTemplate\":\"https:\/\/motioncontrol.berlin\/de\/?s={search_term_string}\"},\"query-input\":{\"@type\":\"PropertyValueSpecification\",\"valueRequired\":true,\"valueName\":\"search_term_string\"}}],\"inLanguage\":\"de\"}]}<\/script>\n<!-- \/ Yoast SEO plugin. -->","yoast_head_json":{"title":"Blog - Motioncontrol","robots":{"index":"index","follow":"follow","max-snippet":"max-snippet:-1","max-image-preview":"max-image-preview:large","max-video-preview":"max-video-preview:-1"},"canonical":"https:\/\/motioncontrol.berlin\/de\/blog\/","og_locale":"de_DE","og_type":"article","og_title":"Blog - Motioncontrol","og_url":"https:\/\/motioncontrol.berlin\/de\/blog\/","og_site_name":"Motioncontrol","article_modified_time":"2022-07-13T12:29:32+00:00","twitter_card":"summary_large_image","twitter_misc":{"Gesch\u00e4tzte Lesezeit":"1\u00a0Minute"},"schema":{"@context":"https:\/\/schema.org","@graph":[{"@type":"WebPage","@id":"https:\/\/motioncontrol.berlin\/de\/blog\/","url":"https:\/\/motioncontrol.berlin\/de\/blog\/","name":"Blog - Motioncontrol","isPartOf":{"@id":"https:\/\/motioncontrol.berlin\/de\/#website"},"datePublished":"2022-07-13T10:34:21+00:00","dateModified":"2022-07-13T12:29:32+00:00","breadcrumb":{"@id":"https:\/\/motioncontrol.berlin\/de\/blog\/#breadcrumb"},"inLanguage":"de","potentialAction":[{"@type":"ReadAction","target":["https:\/\/motioncontrol.berlin\/de\/blog\/"]}]},{"@type":"BreadcrumbList","@id":"https:\/\/motioncontrol.berlin\/de\/blog\/#breadcrumb","itemListElement":[{"@type":"ListItem","position":1,"name":"Home","item":"https:\/\/motioncontrol.berlin\/de\/"},{"@type":"ListItem","position":2,"name":"Blog"}]},{"@type":"WebSite","@id":"https:\/\/motioncontrol.berlin\/de\/#website","url":"https:\/\/motioncontrol.berlin\/de\/","name":"Motioncontrol","description":"motioncontrol.berlin","potentialAction":[{"@type":"SearchAction","target":{"@type":"EntryPoint","urlTemplate":"https:\/\/motioncontrol.berlin\/de\/?s={search_term_string}"},"query-input":{"@type":"PropertyValueSpecification","valueRequired":true,"valueName":"search_term_string"}}],"inLanguage":"de"}]}},"_links":{"self":[{"href":"https:\/\/motioncontrol.berlin\/de\/wp-json\/wp\/v2\/pages\/1105","targetHints":{"allow":["GET"]}}],"collection":[{"href":"https:\/\/motioncontrol.berlin\/de\/wp-json\/wp\/v2\/pages"}],"about":[{"href":"https:\/\/motioncontrol.berlin\/de\/wp-json\/wp\/v2\/types\/page"}],"author":[{"embeddable":true,"href":"https:\/\/motioncontrol.berlin\/de\/wp-json\/wp\/v2\/users\/1"}],"replies":[{"embeddable":true,"href":"https:\/\/motioncontrol.berlin\/de\/wp-json\/wp\/v2\/comments?post=1105"}],"version-history":[{"count":12,"href":"https:\/\/motioncontrol.berlin\/de\/wp-json\/wp\/v2\/pages\/1105\/revisions"}],"predecessor-version":[{"id":1199,"href":"https:\/\/motioncontrol.berlin\/de\/wp-json\/wp\/v2\/pages\/1105\/revisions\/1199"}],"wp:attachment":[{"href":"https:\/\/motioncontrol.berlin\/de\/wp-json\/wp\/v2\/media?parent=1105"}],"curies":[{"name":"wp","href":"https:\/\/api.w.org\/{rel}","templated":true}]}}