{"id":880,"date":"2022-05-24T11:02:07","date_gmt":"2022-05-24T11:02:07","guid":{"rendered":"https:\/\/motioncontrol.berlin\/disclaimer\/"},"modified":"2022-05-26T08:33:08","modified_gmt":"2022-05-26T08:33:08","slug":"about-3","status":"publish","type":"page","link":"https:\/\/motioncontrol.berlin\/de\/about-3\/","title":{"rendered":"IMRESSUM"},"content":{"rendered":"\t\t<div data-elementor-type=\"wp-page\" data-elementor-id=\"880\" class=\"elementor elementor-880 elementor-521\" data-elementor-post-type=\"page\">\n\t\t\t\t\t\t<section class=\"elementor-section elementor-top-section elementor-element elementor-element-8a049a8 elementor-section-boxed elementor-section-height-default elementor-section-height-default\" data-id=\"8a049a8\" data-element_type=\"section\">\n\t\t\t\t\t\t<div class=\"elementor-container elementor-column-gap-default\">\n\t\t\t\t\t<div class=\"elementor-column elementor-col-100 elementor-top-column elementor-element elementor-element-1326c30\" data-id=\"1326c30\" data-element_type=\"column\">\n\t\t\t<div class=\"elementor-widget-wrap elementor-element-populated\">\n\t\t\t\t\t\t<div class=\"elementor-element elementor-element-f65e225 elementor-widget elementor-widget-heading\" data-id=\"f65e225\" data-element_type=\"widget\" data-widget_type=\"heading.default\">\n\t\t\t\t<div class=\"elementor-widget-container\">\n\t\t\t\t\t<h2 class=\"elementor-heading-title elementor-size-default\">IMRESSUM<\/h2>\t\t\t\t<\/div>\n\t\t\t\t<\/div>\n\t\t\t\t<div class=\"elementor-element elementor-element-7147824 elementor-widget elementor-widget-text-editor\" data-id=\"7147824\" data-element_type=\"widget\" data-widget_type=\"text-editor.default\">\n\t\t\t\t<div class=\"elementor-widget-container\">\n\t\t\t\t\t\t\t\t\t<p>GESELLSCHAFT<\/p><p>mad tree sp z oo<br \/>27 Grudnia 9\/7,<br \/>61-737 Posen<\/p><p>EU-Umsatzsteuer: PL7792407949<\/p><p>Gesch\u00e4ftsf\u00fchrer: Ma ciej Thiem<br \/>hallo(at)motioncontrol.berli<\/p><p>\u00a0<\/p><p><strong>Haftungsbeschr\u00e4nkung f\u00fcr eigene Inhalte<\/strong><\/p><p>Die Inhalte unserer Website wurden mit gr\u00f6\u00dftm\u00f6glicher Sorgfalt und nach bestem Wissen erstellt. F\u00fcr die Aktualit\u00e4t, Vollst\u00e4ndigkeit und Richtigkeit der Seiten k\u00f6nnen wir jedoch keine Gew\u00e4hr \u00fcbernehmen.<\/p><p>Gem\u00e4\u00df \u00a7 7 Abs. 1 lit. Als Diensteanbieter sind wir gem\u00e4\u00df \u00a7 1 Abs.1 TMG f\u00fcr eigene Inhalte auf diesen Seiten nach den allgemeinen Gesetzen verantwortlich. Nach \u00a7\u00a7 8 bis 10 TMG sind wir als Diensteanbieter jedoch nicht verpflichtet, \u00fcbermittelte oder gespeicherte fremde Informationen zu \u00fcberwachen. Bei Bekanntwerden von konkreten Rechtsverletzungen werden wir derartige Inhalte umgehend entfernen. Eine diesbez\u00fcgliche Haftung ist jedoch erst ab dem Zeitpunkt der Kenntnis der Rechtsverletzung m\u00f6glich.<\/p><p>\u200b<\/p><p><strong>Haftungsbeschr\u00e4nkung f\u00fcr externe Links<\/strong><\/p><p>Unsere Website enth\u00e4lt Verkn\u00fcpfungen zu Websites Dritter (\u201eexterne Links\u201c). Da die Inhalte dieser Websites nicht unserer Kontrolle unterliegen, k\u00f6nnen wir f\u00fcr diese fremden Inhalte auch keine Gew\u00e4hr \u00fcbernehmen. F\u00fcr die Inhalte und Richtigkeit der bereitgestellten Informationen haftet in jedem Fall der Informationsanbieter der verlinkten Seiten. Zum Zeitpunkt der Verlinkung waren f\u00fcr uns keine Rechtsverst\u00f6\u00dfe erkennbar. Bei bekannt werden von Rechtsverletzungen werden wir derartige Links umgehend entfernen.<\/p><p>\u200b<\/p><p><strong>Urheberrechte \u00a9<\/strong><\/p><p>Die auf dieser Website ver\u00f6ffentlichten Inhalte und Werke unterliegen dem deutschen Urheberrecht. Jede Vervielf\u00e4ltigung, Bearbeitung, Verbreitung und jede Art der Verwertung au\u00dferhalb der Grenzen des Urheberrechtsgesetzes bedarf der vorherigen schriftlichen Zustimmung des oder der jeweiligen Autors.<\/p><p>\u200b<\/p><p><strong>Datenschutz<\/strong><\/p><p>Durch den Besuch unserer Website k\u00f6nnen Informationen \u00fcber den Zugriff (Datum, Uhrzeit, aufgerufene Seite) auf unserem Server gespeichert werden. Dies stellt keine Auswertung personenbezogener Daten (z. B. Name, Anschrift oder E-Mail-Adresse) dar. Sofern personenbezogene Daten erhoben werden, erfolgt dies \u2013 soweit m\u00f6glich \u2013 nur mit dem vorherigen Einverst\u00e4ndnis des Nutzers der Website. Eine Weitergabe der Daten an Dritte ohne ausdr\u00fcckliche Zustimmung des Nutzers findet nicht statt.<\/p><p>Wir weisen ausdr\u00fccklich darauf hin, dass die Daten\u00fcbertragung im Internet (zB per E-Mail) Sicherheitsl\u00fccken aufweisen kann. Ein l\u00fcckenloser Schutz der Daten vor dem Zugriff durch Dritte ist daher nicht m\u00f6glich. F\u00fcr Sch\u00e4den, die durch solche Sicherheitsl\u00fccken entstehen, k\u00f6nnen wir keine Haftung \u00fcbernehmen.<\/p><p>Der Nutzung aller ver\u00f6ffentlichten Kontaktdaten durch Dritte zum Zwecke von Werbung wird ausdr\u00fccklich widersprochen. Wir behalten uns rechtliche Schritte im Falle der unverlangten Zusendung von Werbeinformationen vor; zB durch Spam-Mail.<\/p>\t\t\t\t\t\t\t\t<\/div>\n\t\t\t\t<\/div>\n\t\t\t\t\t<\/div>\n\t\t<\/div>\n\t\t\t\t\t<\/div>\n\t\t<\/section>\n\t\t\t\t<\/div>\n\t\t","protected":false},"excerpt":{"rendered":"<p>IMRESSUM GESELLSCHAFT mad tree sp z oo 27 Grudnia 9\/7, 61-737 Posen EU-Umsatzsteuer: PL7792407949 Gesch\u00e4ftsf\u00fchrer: Ma ciej Thiem hallo(at)motioncontrol.berli Haftungsbeschr\u00e4nkung f\u00fcr eigene Inhalte Die Inhalte unserer Website wurden mit gr\u00f6\u00dftm\u00f6glicher Sorgfalt und nach bestem Wissen erstellt. F\u00fcr die Aktualit\u00e4t, Vollst\u00e4ndigkeit und Richtigkeit der Seiten k\u00f6nnen wir jedoch keine Gew\u00e4hr \u00fcbernehmen. Gem\u00e4\u00df \u00a7 7 Abs. 1 [&hellip;]<\/p>\n","protected":false},"author":1,"featured_media":0,"parent":0,"menu_order":0,"comment_status":"closed","ping_status":"closed","template":"","meta":{"_acf_changed":false,"inline_featured_image":false,"footnotes":""},"class_list":["post-880","page","type-page","status-publish","hentry"],"acf":[],"yoast_head":"<!-- This site is optimized with the Yoast SEO plugin v26.3 - https:\/\/yoast.com\/wordpress\/plugins\/seo\/ -->\n<title>IMRESSUM - Motioncontrol<\/title>\n<meta name=\"robots\" content=\"index, follow, max-snippet:-1, max-image-preview:large, max-video-preview:-1\" \/>\n<link rel=\"canonical\" href=\"https:\/\/motioncontrol.berlin\/de\/about-3\/\" \/>\n<meta property=\"og:locale\" content=\"de_DE\" \/>\n<meta property=\"og:type\" content=\"article\" \/>\n<meta property=\"og:title\" content=\"IMRESSUM - Motioncontrol\" \/>\n<meta property=\"og:description\" content=\"IMRESSUM GESELLSCHAFT mad tree sp z oo 27 Grudnia 9\/7, 61-737 Posen EU-Umsatzsteuer: PL7792407949 Gesch\u00e4ftsf\u00fchrer: Ma ciej Thiem hallo(at)motioncontrol.berli Haftungsbeschr\u00e4nkung f\u00fcr eigene Inhalte Die Inhalte unserer Website wurden mit gr\u00f6\u00dftm\u00f6glicher Sorgfalt und nach bestem Wissen erstellt. F\u00fcr die Aktualit\u00e4t, Vollst\u00e4ndigkeit und Richtigkeit der Seiten k\u00f6nnen wir jedoch keine Gew\u00e4hr \u00fcbernehmen. Gem\u00e4\u00df \u00a7 7 Abs. 1 [&hellip;]\" \/>\n<meta property=\"og:url\" content=\"https:\/\/motioncontrol.berlin\/de\/about-3\/\" \/>\n<meta property=\"og:site_name\" content=\"Motioncontrol\" \/>\n<meta property=\"article:modified_time\" content=\"2022-05-26T08:33:08+00:00\" \/>\n<meta name=\"twitter:card\" content=\"summary_large_image\" \/>\n<meta name=\"twitter:label1\" content=\"Gesch\u00e4tzte Lesezeit\" \/>\n\t<meta name=\"twitter:data1\" content=\"2\u00a0Minuten\" \/>\n<script type=\"application\/ld+json\" class=\"yoast-schema-graph\">{\"@context\":\"https:\/\/schema.org\",\"@graph\":[{\"@type\":\"WebPage\",\"@id\":\"https:\/\/motioncontrol.berlin\/de\/about-3\/\",\"url\":\"https:\/\/motioncontrol.berlin\/de\/about-3\/\",\"name\":\"IMRESSUM - Motioncontrol\",\"isPartOf\":{\"@id\":\"https:\/\/motioncontrol.berlin\/de\/#website\"},\"datePublished\":\"2022-05-24T11:02:07+00:00\",\"dateModified\":\"2022-05-26T08:33:08+00:00\",\"breadcrumb\":{\"@id\":\"https:\/\/motioncontrol.berlin\/de\/about-3\/#breadcrumb\"},\"inLanguage\":\"de\",\"potentialAction\":[{\"@type\":\"ReadAction\",\"target\":[\"https:\/\/motioncontrol.berlin\/de\/about-3\/\"]}]},{\"@type\":\"BreadcrumbList\",\"@id\":\"https:\/\/motioncontrol.berlin\/de\/about-3\/#breadcrumb\",\"itemListElement\":[{\"@type\":\"ListItem\",\"position\":1,\"name\":\"Home\",\"item\":\"https:\/\/motioncontrol.berlin\/de\/\"},{\"@type\":\"ListItem\",\"position\":2,\"name\":\"IMRESSUM\"}]},{\"@type\":\"WebSite\",\"@id\":\"https:\/\/motioncontrol.berlin\/de\/#website\",\"url\":\"https:\/\/motioncontrol.berlin\/de\/\",\"name\":\"Motioncontrol\",\"description\":\"motioncontrol.berlin\",\"potentialAction\":[{\"@type\":\"SearchAction\",\"target\":{\"@type\":\"EntryPoint\",\"urlTemplate\":\"https:\/\/motioncontrol.berlin\/de\/?s={search_term_string}\"},\"query-input\":{\"@type\":\"PropertyValueSpecification\",\"valueRequired\":true,\"valueName\":\"search_term_string\"}}],\"inLanguage\":\"de\"}]}<\/script>\n<!-- \/ Yoast SEO plugin. -->","yoast_head_json":{"title":"IMRESSUM - Motioncontrol","robots":{"index":"index","follow":"follow","max-snippet":"max-snippet:-1","max-image-preview":"max-image-preview:large","max-video-preview":"max-video-preview:-1"},"canonical":"https:\/\/motioncontrol.berlin\/de\/about-3\/","og_locale":"de_DE","og_type":"article","og_title":"IMRESSUM - Motioncontrol","og_description":"IMRESSUM GESELLSCHAFT mad tree sp z oo 27 Grudnia 9\/7, 61-737 Posen EU-Umsatzsteuer: PL7792407949 Gesch\u00e4ftsf\u00fchrer: Ma ciej Thiem hallo(at)motioncontrol.berli Haftungsbeschr\u00e4nkung f\u00fcr eigene Inhalte Die Inhalte unserer Website wurden mit gr\u00f6\u00dftm\u00f6glicher Sorgfalt und nach bestem Wissen erstellt. F\u00fcr die Aktualit\u00e4t, Vollst\u00e4ndigkeit und Richtigkeit der Seiten k\u00f6nnen wir jedoch keine Gew\u00e4hr \u00fcbernehmen. Gem\u00e4\u00df \u00a7 7 Abs. 1 [&hellip;]","og_url":"https:\/\/motioncontrol.berlin\/de\/about-3\/","og_site_name":"Motioncontrol","article_modified_time":"2022-05-26T08:33:08+00:00","twitter_card":"summary_large_image","twitter_misc":{"Gesch\u00e4tzte Lesezeit":"2\u00a0Minuten"},"schema":{"@context":"https:\/\/schema.org","@graph":[{"@type":"WebPage","@id":"https:\/\/motioncontrol.berlin\/de\/about-3\/","url":"https:\/\/motioncontrol.berlin\/de\/about-3\/","name":"IMRESSUM - Motioncontrol","isPartOf":{"@id":"https:\/\/motioncontrol.berlin\/de\/#website"},"datePublished":"2022-05-24T11:02:07+00:00","dateModified":"2022-05-26T08:33:08+00:00","breadcrumb":{"@id":"https:\/\/motioncontrol.berlin\/de\/about-3\/#breadcrumb"},"inLanguage":"de","potentialAction":[{"@type":"ReadAction","target":["https:\/\/motioncontrol.berlin\/de\/about-3\/"]}]},{"@type":"BreadcrumbList","@id":"https:\/\/motioncontrol.berlin\/de\/about-3\/#breadcrumb","itemListElement":[{"@type":"ListItem","position":1,"name":"Home","item":"https:\/\/motioncontrol.berlin\/de\/"},{"@type":"ListItem","position":2,"name":"IMRESSUM"}]},{"@type":"WebSite","@id":"https:\/\/motioncontrol.berlin\/de\/#website","url":"https:\/\/motioncontrol.berlin\/de\/","name":"Motioncontrol","description":"motioncontrol.berlin","potentialAction":[{"@type":"SearchAction","target":{"@type":"EntryPoint","urlTemplate":"https:\/\/motioncontrol.berlin\/de\/?s={search_term_string}"},"query-input":{"@type":"PropertyValueSpecification","valueRequired":true,"valueName":"search_term_string"}}],"inLanguage":"de"}]}},"_links":{"self":[{"href":"https:\/\/motioncontrol.berlin\/de\/wp-json\/wp\/v2\/pages\/880","targetHints":{"allow":["GET"]}}],"collection":[{"href":"https:\/\/motioncontrol.berlin\/de\/wp-json\/wp\/v2\/pages"}],"about":[{"href":"https:\/\/motioncontrol.berlin\/de\/wp-json\/wp\/v2\/types\/page"}],"author":[{"embeddable":true,"href":"https:\/\/motioncontrol.berlin\/de\/wp-json\/wp\/v2\/users\/1"}],"replies":[{"embeddable":true,"href":"https:\/\/motioncontrol.berlin\/de\/wp-json\/wp\/v2\/comments?post=880"}],"version-history":[{"count":5,"href":"https:\/\/motioncontrol.berlin\/de\/wp-json\/wp\/v2\/pages\/880\/revisions"}],"predecessor-version":[{"id":929,"href":"https:\/\/motioncontrol.berlin\/de\/wp-json\/wp\/v2\/pages\/880\/revisions\/929"}],"wp:attachment":[{"href":"https:\/\/motioncontrol.berlin\/de\/wp-json\/wp\/v2\/media?parent=880"}],"curies":[{"name":"wp","href":"https:\/\/api.w.org\/{rel}","templated":true}]}}